{"id":12,"date":"2020-06-11T14:50:47","date_gmt":"2020-06-11T12:50:47","guid":{"rendered":"http:\/\/gitesfinistere.fr\/?page_id=12"},"modified":"2025-01-21T15:01:54","modified_gmt":"2025-01-21T14:01:54","slug":"bienvenue-sur-gites-finistere","status":"publish","type":"page","link":"https:\/\/www.gitesfinistere.fr\/","title":{"rendered":"Bienvenue \u00e0 Penn ar yeun"},"content":{"rendered":"<div class=\"wp-block-image\">\n<figure class=\"alignright size-large is-resized\"><img loading=\"lazy\" decoding=\"async\" width=\"286\" height=\"286\" src=\"https:\/\/www.gitesfinistere.fr\/wp-content\/uploads\/2020\/07\/logogdf.gif\" alt=\"\" class=\"wp-image-135\" style=\"width:90px;height:90px\"\/><\/figure><\/div>\n\n\n<div class=\"wp-block-group\"><div class=\"wp-block-group__inner-container is-layout-flow wp-block-group-is-layout-flow\">\n<p class=\"has-text-align-center\"><em>Votre g\u00eete ou votre chambre d&rsquo;h\u00f4tes vous attendent \u00e0 <\/em><\/p>\n\n\n\n<p class=\"has-text-align-center\"><em>Penn ar yeun, Landr\u00e9varzec <\/em><\/p>\n<\/div><\/div>\n\n\n\n<figure class=\"wp-block-image size-large\"><img loading=\"lazy\" decoding=\"async\" width=\"1024\" height=\"768\" src=\"https:\/\/www.gitesfinistere.fr\/wp-content\/uploads\/2020\/07\/P1010168-1024x768.jpg\" alt=\"\" class=\"wp-image-72\" srcset=\"https:\/\/www.gitesfinistere.fr\/wp-content\/uploads\/2020\/07\/P1010168-1024x768.jpg 1024w, https:\/\/www.gitesfinistere.fr\/wp-content\/uploads\/2020\/07\/P1010168-300x225.jpg 300w, https:\/\/www.gitesfinistere.fr\/wp-content\/uploads\/2020\/07\/P1010168-768x576.jpg 768w, https:\/\/www.gitesfinistere.fr\/wp-content\/uploads\/2020\/07\/P1010168-1536x1152.jpg 1536w, https:\/\/www.gitesfinistere.fr\/wp-content\/uploads\/2020\/07\/P1010168-2048x1536.jpg 2048w, https:\/\/www.gitesfinistere.fr\/wp-content\/uploads\/2020\/07\/P1010168-150x113.jpg 150w\" sizes=\"auto, (max-width: 1024px) 100vw, 1024px\" \/><figcaption class=\"wp-element-caption\">Les jardins<\/figcaption><\/figure>\n\n\n\n<div class=\"wp-block-group\"><div class=\"wp-block-group__inner-container is-layout-flow wp-block-group-is-layout-flow\">\n<figure class=\"wp-block-gallery has-nested-images columns-default is-cropped wp-block-gallery-1 is-layout-flex wp-block-gallery-is-layout-flex\">\n<figure class=\"wp-block-image size-large\"><img loading=\"lazy\" decoding=\"async\" width=\"1024\" height=\"768\" src=\"https:\/\/www.gitesfinistere.fr\/wp-content\/uploads\/2020\/07\/P1010159-1024x768.jpg\" alt=\"\" class=\"wp-image-105\" srcset=\"https:\/\/www.gitesfinistere.fr\/wp-content\/uploads\/2020\/07\/P1010159-1024x768.jpg 1024w, https:\/\/www.gitesfinistere.fr\/wp-content\/uploads\/2020\/07\/P1010159-300x225.jpg 300w, https:\/\/www.gitesfinistere.fr\/wp-content\/uploads\/2020\/07\/P1010159-768x576.jpg 768w, https:\/\/www.gitesfinistere.fr\/wp-content\/uploads\/2020\/07\/P1010159-1536x1152.jpg 1536w, https:\/\/www.gitesfinistere.fr\/wp-content\/uploads\/2020\/07\/P1010159-2048x1536.jpg 2048w, https:\/\/www.gitesfinistere.fr\/wp-content\/uploads\/2020\/07\/P1010159-150x113.jpg 150w\" sizes=\"auto, (max-width: 1024px) 100vw, 1024px\" \/><\/figure>\n\n\n\n<figure class=\"wp-block-image size-large\"><img loading=\"lazy\" decoding=\"async\" width=\"1024\" height=\"768\" src=\"https:\/\/www.gitesfinistere.fr\/wp-content\/uploads\/2020\/07\/100_PANA-P1000709_P1000709-1024x768.jpg\" alt=\"\" class=\"wp-image-101\"\/><\/figure>\n\n\n\n<figure class=\"wp-block-image size-large\"><img loading=\"lazy\" decoding=\"async\" width=\"1024\" height=\"768\" src=\"https:\/\/www.gitesfinistere.fr\/wp-content\/uploads\/2020\/07\/100_PANA-P1000692_P1000692-1024x768.jpg\" alt=\"\" class=\"wp-image-95\"\/><\/figure>\n<\/figure>\n<\/div><\/div>\n\n\n\n<div class=\"wp-block-group\"><div class=\"wp-block-group__inner-container is-layout-flow wp-block-group-is-layout-flow\">\n<p class=\"has-text-align-center\"><strong><em>Vous serez accueillis par Anne Marie et Guy Bothorel qui se sont attach\u00e9s \u00e0 maintenir ce lieu le plus agr\u00e9able possible.<\/em><\/strong><\/p>\n<\/div><\/div>\n\n\n\n<p class=\"has-text-align-center\">Nous faisons partie du r\u00e9seau des \u00ab\u00a0G\u00eetes de France\u00a0\u00bb Finist\u00e8re<\/p>\n\n\n\n<p class=\"has-text-align-center has-vivid-green-cyan-color has-text-color\">Tel des G\u00eetes de France ; 02 98 64 20 20<\/p>\n\n\n\n<p class=\"has-text-align-center has-vivid-red-color has-text-color\">Contact ; Anne Marie ou Guy Bothorel ; 06 85 95 93 24<\/p>\n\n\n\n<p class=\"has-text-align-center has-vivid-red-color has-text-color\">Mail ; guy@bothorel.com<\/p>\n","protected":false},"excerpt":{"rendered":"<p>Votre g\u00eete ou votre chambre d&rsquo;h\u00f4tes vous attendent \u00e0 Penn ar yeun, Landr\u00e9varzec Vous serez accueillis par Anne Marie et Guy Bothorel qui se sont attach\u00e9s \u00e0 maintenir ce lieu le plus agr\u00e9able possible. Nous faisons partie du r\u00e9seau des \u00ab\u00a0G\u00eetes de France\u00a0\u00bb Finist\u00e8re Tel des G\u00eetes de France ; &#8230;<\/p>\n<p class=\"continue-reading-button\"> <a class=\"continue-reading-link\" href=\"https:\/\/www.gitesfinistere.fr\/\">Continue reading<i class=\"crycon-right-dir\"><\/i><\/a><\/p>\n","protected":false},"author":1,"featured_media":0,"parent":0,"menu_order":0,"comment_status":"closed","ping_status":"closed","template":"","meta":{"footnotes":""},"class_list":["post-12","page","type-page","status-publish","hentry"],"_links":{"self":[{"href":"https:\/\/www.gitesfinistere.fr\/index.php\/wp-json\/wp\/v2\/pages\/12","targetHints":{"allow":["GET"]}}],"collection":[{"href":"https:\/\/www.gitesfinistere.fr\/index.php\/wp-json\/wp\/v2\/pages"}],"about":[{"href":"https:\/\/www.gitesfinistere.fr\/index.php\/wp-json\/wp\/v2\/types\/page"}],"author":[{"embeddable":true,"href":"https:\/\/www.gitesfinistere.fr\/index.php\/wp-json\/wp\/v2\/users\/1"}],"replies":[{"embeddable":true,"href":"https:\/\/www.gitesfinistere.fr\/index.php\/wp-json\/wp\/v2\/comments?post=12"}],"version-history":[{"count":14,"href":"https:\/\/www.gitesfinistere.fr\/index.php\/wp-json\/wp\/v2\/pages\/12\/revisions"}],"predecessor-version":[{"id":175,"href":"https:\/\/www.gitesfinistere.fr\/index.php\/wp-json\/wp\/v2\/pages\/12\/revisions\/175"}],"wp:attachment":[{"href":"https:\/\/www.gitesfinistere.fr\/index.php\/wp-json\/wp\/v2\/media?parent=12"}],"curies":[{"name":"wp","href":"https:\/\/api.w.org\/{rel}","templated":true}]}}