{"id":19,"date":"2020-06-11T15:18:34","date_gmt":"2020-06-11T13:18:34","guid":{"rendered":"http:\/\/gitesfinistere.fr\/?page_id=19"},"modified":"2022-01-27T18:20:27","modified_gmt":"2022-01-27T17:20:27","slug":"votre-gite","status":"publish","type":"page","link":"https:\/\/www.gitesfinistere.fr\/index.php\/votre-gite\/","title":{"rendered":"Nos Chambres d&rsquo;h\u00f4tes"},"content":{"rendered":"\n<p class=\"has-text-align-center\">Dans un cadre champ\u00eatre, vous passerez un s\u00e9jour au grand calme.<\/p>\n\n\n\n<p class=\"has-text-align-center\">Ces chambres au nombre de trois sont situ\u00e9es dans une annexe du manoir.<\/p>\n\n\n\n<p class=\"has-text-align-center\">Nous mettrons un point d&rsquo;honneur \u00e0 vous accueillir et \u00e0 r\u00e9pondre \u00e0 toutes vos questions.<\/p>\n\n\n\n<p class=\"has-text-align-center\">  A bient\u00f4t \u00e0 Penn ar yeun !<\/p>\n\n\n\n<figure class=\"wp-block-gallery columns-3 is-cropped wp-block-gallery-1 is-layout-flex wp-block-gallery-is-layout-flex\"><ul class=\"blocks-gallery-grid\"><li class=\"blocks-gallery-item\"><figure><img loading=\"lazy\" decoding=\"async\" width=\"1024\" height=\"768\" src=\"https:\/\/www.gitesfinistere.fr\/wp-content\/uploads\/2020\/07\/PETIT-FUTE-BIS-1024x768.jpg\" alt=\"\" data-id=\"87\" data-full-url=\"https:\/\/www.gitesfinistere.fr\/wp-content\/uploads\/2020\/07\/PETIT-FUTE-BIS.jpg\" data-link=\"https:\/\/www.gitesfinistere.fr\/petit-fute-bis\/\" class=\"wp-image-87\" srcset=\"https:\/\/www.gitesfinistere.fr\/wp-content\/uploads\/2020\/07\/PETIT-FUTE-BIS-1024x768.jpg 1024w, https:\/\/www.gitesfinistere.fr\/wp-content\/uploads\/2020\/07\/PETIT-FUTE-BIS-300x225.jpg 300w, https:\/\/www.gitesfinistere.fr\/wp-content\/uploads\/2020\/07\/PETIT-FUTE-BIS-768x576.jpg 768w, https:\/\/www.gitesfinistere.fr\/wp-content\/uploads\/2020\/07\/PETIT-FUTE-BIS-1536x1152.jpg 1536w, https:\/\/www.gitesfinistere.fr\/wp-content\/uploads\/2020\/07\/PETIT-FUTE-BIS-150x113.jpg 150w, https:\/\/www.gitesfinistere.fr\/wp-content\/uploads\/2020\/07\/PETIT-FUTE-BIS.jpg 2000w\" sizes=\"auto, (max-width: 1024px) 100vw, 1024px\" \/><\/figure><\/li><li class=\"blocks-gallery-item\"><figure><img loading=\"lazy\" decoding=\"async\" width=\"1024\" height=\"768\" src=\"https:\/\/www.gitesfinistere.fr\/wp-content\/uploads\/2020\/07\/CHAMHOTES-1024x768.jpg\" alt=\"\" data-id=\"82\" data-full-url=\"https:\/\/www.gitesfinistere.fr\/wp-content\/uploads\/2020\/07\/CHAMHOTES-scaled.jpg\" data-link=\"https:\/\/www.gitesfinistere.fr\/chamhotes\/\" class=\"wp-image-82\" srcset=\"https:\/\/www.gitesfinistere.fr\/wp-content\/uploads\/2020\/07\/CHAMHOTES-1024x768.jpg 1024w, https:\/\/www.gitesfinistere.fr\/wp-content\/uploads\/2020\/07\/CHAMHOTES-300x225.jpg 300w, https:\/\/www.gitesfinistere.fr\/wp-content\/uploads\/2020\/07\/CHAMHOTES-768x576.jpg 768w, https:\/\/www.gitesfinistere.fr\/wp-content\/uploads\/2020\/07\/CHAMHOTES-1536x1152.jpg 1536w, https:\/\/www.gitesfinistere.fr\/wp-content\/uploads\/2020\/07\/CHAMHOTES-2048x1536.jpg 2048w, https:\/\/www.gitesfinistere.fr\/wp-content\/uploads\/2020\/07\/CHAMHOTES-150x113.jpg 150w\" sizes=\"auto, (max-width: 1024px) 100vw, 1024px\" \/><\/figure><\/li><li class=\"blocks-gallery-item\"><figure><img loading=\"lazy\" decoding=\"async\" width=\"1024\" height=\"768\" src=\"https:\/\/www.gitesfinistere.fr\/wp-content\/uploads\/2020\/07\/P1020981-1024x768.jpg\" alt=\"\" data-id=\"85\" data-full-url=\"https:\/\/www.gitesfinistere.fr\/wp-content\/uploads\/2020\/07\/P1020981-scaled.jpg\" data-link=\"https:\/\/www.gitesfinistere.fr\/p1020981\/\" class=\"wp-image-85\" srcset=\"https:\/\/www.gitesfinistere.fr\/wp-content\/uploads\/2020\/07\/P1020981-1024x768.jpg 1024w, https:\/\/www.gitesfinistere.fr\/wp-content\/uploads\/2020\/07\/P1020981-300x225.jpg 300w, https:\/\/www.gitesfinistere.fr\/wp-content\/uploads\/2020\/07\/P1020981-768x576.jpg 768w, https:\/\/www.gitesfinistere.fr\/wp-content\/uploads\/2020\/07\/P1020981-1536x1152.jpg 1536w, https:\/\/www.gitesfinistere.fr\/wp-content\/uploads\/2020\/07\/P1020981-2048x1536.jpg 2048w, https:\/\/www.gitesfinistere.fr\/wp-content\/uploads\/2020\/07\/P1020981-150x113.jpg 150w\" sizes=\"auto, (max-width: 1024px) 100vw, 1024px\" \/><\/figure><\/li><li class=\"blocks-gallery-item\"><figure><img loading=\"lazy\" decoding=\"async\" width=\"1024\" height=\"768\" src=\"https:\/\/www.gitesfinistere.fr\/wp-content\/uploads\/2020\/07\/100_PANA-P1000702_P1000702-1024x768.jpg\" alt=\"\" data-id=\"75\" data-full-url=\"https:\/\/www.gitesfinistere.fr\/wp-content\/uploads\/2020\/07\/100_PANA-P1000702_P1000702-scaled.jpg\" data-link=\"https:\/\/www.gitesfinistere.fr\/100_pana-p1000702_p1000702\/\" class=\"wp-image-75\" srcset=\"https:\/\/www.gitesfinistere.fr\/wp-content\/uploads\/2020\/07\/100_PANA-P1000702_P1000702-1024x768.jpg 1024w, https:\/\/www.gitesfinistere.fr\/wp-content\/uploads\/2020\/07\/100_PANA-P1000702_P1000702-300x225.jpg 300w, https:\/\/www.gitesfinistere.fr\/wp-content\/uploads\/2020\/07\/100_PANA-P1000702_P1000702-768x576.jpg 768w, https:\/\/www.gitesfinistere.fr\/wp-content\/uploads\/2020\/07\/100_PANA-P1000702_P1000702-1536x1152.jpg 1536w, https:\/\/www.gitesfinistere.fr\/wp-content\/uploads\/2020\/07\/100_PANA-P1000702_P1000702-2048x1536.jpg 2048w, https:\/\/www.gitesfinistere.fr\/wp-content\/uploads\/2020\/07\/100_PANA-P1000702_P1000702-150x113.jpg 150w\" sizes=\"auto, (max-width: 1024px) 100vw, 1024px\" \/><figcaption class=\"blocks-gallery-item__caption\">Argoat<\/figcaption><\/figure><\/li><li class=\"blocks-gallery-item\"><figure><img loading=\"lazy\" decoding=\"async\" width=\"1024\" height=\"768\" src=\"https:\/\/www.gitesfinistere.fr\/wp-content\/uploads\/2020\/07\/100_PANA-P1000704_P1000704-1024x768.jpg\" alt=\"\" data-id=\"86\" data-full-url=\"https:\/\/www.gitesfinistere.fr\/wp-content\/uploads\/2020\/07\/100_PANA-P1000704_P1000704-scaled.jpg\" data-link=\"https:\/\/www.gitesfinistere.fr\/100_pana-p1000704_p1000704\/\" class=\"wp-image-86\" srcset=\"https:\/\/www.gitesfinistere.fr\/wp-content\/uploads\/2020\/07\/100_PANA-P1000704_P1000704-1024x768.jpg 1024w, https:\/\/www.gitesfinistere.fr\/wp-content\/uploads\/2020\/07\/100_PANA-P1000704_P1000704-300x225.jpg 300w, https:\/\/www.gitesfinistere.fr\/wp-content\/uploads\/2020\/07\/100_PANA-P1000704_P1000704-768x576.jpg 768w, https:\/\/www.gitesfinistere.fr\/wp-content\/uploads\/2020\/07\/100_PANA-P1000704_P1000704-1536x1152.jpg 1536w, https:\/\/www.gitesfinistere.fr\/wp-content\/uploads\/2020\/07\/100_PANA-P1000704_P1000704-2048x1536.jpg 2048w, https:\/\/www.gitesfinistere.fr\/wp-content\/uploads\/2020\/07\/100_PANA-P1000704_P1000704-150x113.jpg 150w\" sizes=\"auto, (max-width: 1024px) 100vw, 1024px\" \/><figcaption class=\"blocks-gallery-item__caption\">Argoat<\/figcaption><\/figure><\/li><li class=\"blocks-gallery-item\"><figure><img loading=\"lazy\" decoding=\"async\" width=\"1024\" height=\"768\" src=\"https:\/\/www.gitesfinistere.fr\/wp-content\/uploads\/2020\/07\/ARMOR2-1024x768.jpg\" alt=\"\" data-id=\"80\" data-full-url=\"https:\/\/www.gitesfinistere.fr\/wp-content\/uploads\/2020\/07\/ARMOR2-scaled.jpg\" data-link=\"https:\/\/www.gitesfinistere.fr\/armor2\/\" class=\"wp-image-80\" srcset=\"https:\/\/www.gitesfinistere.fr\/wp-content\/uploads\/2020\/07\/ARMOR2-1024x768.jpg 1024w, https:\/\/www.gitesfinistere.fr\/wp-content\/uploads\/2020\/07\/ARMOR2-300x225.jpg 300w, https:\/\/www.gitesfinistere.fr\/wp-content\/uploads\/2020\/07\/ARMOR2-768x576.jpg 768w, https:\/\/www.gitesfinistere.fr\/wp-content\/uploads\/2020\/07\/ARMOR2-1536x1152.jpg 1536w, https:\/\/www.gitesfinistere.fr\/wp-content\/uploads\/2020\/07\/ARMOR2-2048x1536.jpg 2048w, https:\/\/www.gitesfinistere.fr\/wp-content\/uploads\/2020\/07\/ARMOR2-150x113.jpg 150w\" sizes=\"auto, (max-width: 1024px) 100vw, 1024px\" \/><figcaption class=\"blocks-gallery-item__caption\">Armor<\/figcaption><\/figure><\/li><li class=\"blocks-gallery-item\"><figure><img loading=\"lazy\" decoding=\"async\" width=\"1024\" height=\"768\" src=\"https:\/\/www.gitesfinistere.fr\/wp-content\/uploads\/2020\/07\/100_PANA-P1000701_P1000701-1024x768.jpg\" alt=\"\" data-id=\"83\" data-full-url=\"https:\/\/www.gitesfinistere.fr\/wp-content\/uploads\/2020\/07\/100_PANA-P1000701_P1000701-scaled.jpg\" data-link=\"https:\/\/www.gitesfinistere.fr\/100_pana-p1000701_p1000701\/\" class=\"wp-image-83\" srcset=\"https:\/\/www.gitesfinistere.fr\/wp-content\/uploads\/2020\/07\/100_PANA-P1000701_P1000701-1024x768.jpg 1024w, https:\/\/www.gitesfinistere.fr\/wp-content\/uploads\/2020\/07\/100_PANA-P1000701_P1000701-300x225.jpg 300w, https:\/\/www.gitesfinistere.fr\/wp-content\/uploads\/2020\/07\/100_PANA-P1000701_P1000701-768x576.jpg 768w, https:\/\/www.gitesfinistere.fr\/wp-content\/uploads\/2020\/07\/100_PANA-P1000701_P1000701-1536x1152.jpg 1536w, https:\/\/www.gitesfinistere.fr\/wp-content\/uploads\/2020\/07\/100_PANA-P1000701_P1000701-2048x1536.jpg 2048w, https:\/\/www.gitesfinistere.fr\/wp-content\/uploads\/2020\/07\/100_PANA-P1000701_P1000701-150x113.jpg 150w\" sizes=\"auto, (max-width: 1024px) 100vw, 1024px\" \/><figcaption class=\"blocks-gallery-item__caption\">Armor<\/figcaption><\/figure><\/li><li class=\"blocks-gallery-item\"><figure><img loading=\"lazy\" decoding=\"async\" width=\"1024\" height=\"768\" src=\"https:\/\/www.gitesfinistere.fr\/wp-content\/uploads\/2020\/07\/P1020352-1024x768.jpg\" alt=\"\" data-id=\"84\" data-full-url=\"https:\/\/www.gitesfinistere.fr\/wp-content\/uploads\/2020\/07\/P1020352-scaled.jpg\" data-link=\"https:\/\/www.gitesfinistere.fr\/p1020352\/\" class=\"wp-image-84\" srcset=\"https:\/\/www.gitesfinistere.fr\/wp-content\/uploads\/2020\/07\/P1020352-1024x768.jpg 1024w, https:\/\/www.gitesfinistere.fr\/wp-content\/uploads\/2020\/07\/P1020352-300x225.jpg 300w, https:\/\/www.gitesfinistere.fr\/wp-content\/uploads\/2020\/07\/P1020352-768x576.jpg 768w, https:\/\/www.gitesfinistere.fr\/wp-content\/uploads\/2020\/07\/P1020352-1536x1152.jpg 1536w, https:\/\/www.gitesfinistere.fr\/wp-content\/uploads\/2020\/07\/P1020352-2048x1536.jpg 2048w, https:\/\/www.gitesfinistere.fr\/wp-content\/uploads\/2020\/07\/P1020352-150x113.jpg 150w\" sizes=\"auto, (max-width: 1024px) 100vw, 1024px\" \/><figcaption class=\"blocks-gallery-item__caption\">Armen<\/figcaption><\/figure><\/li><li class=\"blocks-gallery-item\"><figure><img loading=\"lazy\" decoding=\"async\" width=\"1024\" height=\"768\" src=\"https:\/\/www.gitesfinistere.fr\/wp-content\/uploads\/2020\/07\/ARMEN2-1024x768.jpg\" alt=\"\" data-id=\"81\" data-full-url=\"https:\/\/www.gitesfinistere.fr\/wp-content\/uploads\/2020\/07\/ARMEN2-scaled.jpg\" data-link=\"https:\/\/www.gitesfinistere.fr\/armen2\/\" class=\"wp-image-81\" srcset=\"https:\/\/www.gitesfinistere.fr\/wp-content\/uploads\/2020\/07\/ARMEN2-1024x768.jpg 1024w, https:\/\/www.gitesfinistere.fr\/wp-content\/uploads\/2020\/07\/ARMEN2-300x225.jpg 300w, https:\/\/www.gitesfinistere.fr\/wp-content\/uploads\/2020\/07\/ARMEN2-768x576.jpg 768w, https:\/\/www.gitesfinistere.fr\/wp-content\/uploads\/2020\/07\/ARMEN2-1536x1152.jpg 1536w, https:\/\/www.gitesfinistere.fr\/wp-content\/uploads\/2020\/07\/ARMEN2-2048x1536.jpg 2048w, https:\/\/www.gitesfinistere.fr\/wp-content\/uploads\/2020\/07\/ARMEN2-150x113.jpg 150w\" sizes=\"auto, (max-width: 1024px) 100vw, 1024px\" \/><figcaption class=\"blocks-gallery-item__caption\">Armen<\/figcaption><\/figure><\/li><\/ul><\/figure>\n\n\n\n<p class=\"has-text-align-center\">Vous avez une kitchenette  , une salle \u00e0 manger et un salon \u00e0 votre disposition<\/p>\n\n\n\n<p class=\"has-text-align-center\">L&rsquo;une de nos chambres  \u00ab\u00a0Armen\u00a0\u00bb situ\u00e9e au rez de chauss\u00e9e<\/p>\n\n\n\n<p class=\"has-text-align-center\"> est accessible aux personnes \u00e0 mobilit\u00e9 r\u00e9duite<\/p>\n","protected":false},"excerpt":{"rendered":"<p>Dans un cadre champ\u00eatre, vous passerez un s\u00e9jour au grand calme. Ces chambres au nombre de trois sont situ\u00e9es dans une annexe du manoir. Nous mettrons un point d&rsquo;honneur \u00e0 vous accueillir et \u00e0 r\u00e9pondre \u00e0 toutes vos questions. A bient\u00f4t \u00e0 Penn ar yeun ! Vous avez une kitchenette &#8230;<\/p>\n<p class=\"continue-reading-button\"> <a class=\"continue-reading-link\" href=\"https:\/\/www.gitesfinistere.fr\/index.php\/votre-gite\/\">Continue reading<i class=\"crycon-right-dir\"><\/i><\/a><\/p>\n","protected":false},"author":1,"featured_media":0,"parent":0,"menu_order":0,"comment_status":"closed","ping_status":"closed","template":"","meta":{"footnotes":""},"class_list":["post-19","page","type-page","status-publish","hentry"],"_links":{"self":[{"href":"https:\/\/www.gitesfinistere.fr\/index.php\/wp-json\/wp\/v2\/pages\/19","targetHints":{"allow":["GET"]}}],"collection":[{"href":"https:\/\/www.gitesfinistere.fr\/index.php\/wp-json\/wp\/v2\/pages"}],"about":[{"href":"https:\/\/www.gitesfinistere.fr\/index.php\/wp-json\/wp\/v2\/types\/page"}],"author":[{"embeddable":true,"href":"https:\/\/www.gitesfinistere.fr\/index.php\/wp-json\/wp\/v2\/users\/1"}],"replies":[{"embeddable":true,"href":"https:\/\/www.gitesfinistere.fr\/index.php\/wp-json\/wp\/v2\/comments?post=19"}],"version-history":[{"count":9,"href":"https:\/\/www.gitesfinistere.fr\/index.php\/wp-json\/wp\/v2\/pages\/19\/revisions"}],"predecessor-version":[{"id":168,"href":"https:\/\/www.gitesfinistere.fr\/index.php\/wp-json\/wp\/v2\/pages\/19\/revisions\/168"}],"wp:attachment":[{"href":"https:\/\/www.gitesfinistere.fr\/index.php\/wp-json\/wp\/v2\/media?parent=19"}],"curies":[{"name":"wp","href":"https:\/\/api.w.org\/{rel}","templated":true}]}}