{"id":23,"date":"2020-06-11T15:23:48","date_gmt":"2020-06-11T13:23:48","guid":{"rendered":"http:\/\/gitesfinistere.fr\/?page_id=23"},"modified":"2020-07-07T14:24:38","modified_gmt":"2020-07-07T12:24:38","slug":"a-proximite","status":"publish","type":"page","link":"https:\/\/www.gitesfinistere.fr\/index.php\/a-proximite\/","title":{"rendered":"A proximit\u00e9"},"content":{"rendered":"\n<figure class=\"wp-block-image size-large\"><img loading=\"lazy\" decoding=\"async\" width=\"560\" height=\"375\" src=\"https:\/\/www.gitesfinistere.fr\/wp-content\/uploads\/2020\/07\/Quilinen1.jpg\" alt=\"\" class=\"wp-image-143\" srcset=\"https:\/\/www.gitesfinistere.fr\/wp-content\/uploads\/2020\/07\/Quilinen1.jpg 560w, https:\/\/www.gitesfinistere.fr\/wp-content\/uploads\/2020\/07\/Quilinen1-300x201.jpg 300w, https:\/\/www.gitesfinistere.fr\/wp-content\/uploads\/2020\/07\/Quilinen1-150x100.jpg 150w\" sizes=\"auto, (max-width: 560px) 100vw, 560px\" \/><figcaption>La chapelle de Quilinen<\/figcaption><\/figure>\n\n\n\n<div class=\"wp-block-group\"><div class=\"wp-block-group__inner-container is-layout-flow wp-block-group-is-layout-flow\">\n<figure class=\"wp-block-gallery columns-3 is-cropped wp-block-gallery-1 is-layout-flex wp-block-gallery-is-layout-flex\"><ul class=\"blocks-gallery-grid\"><li class=\"blocks-gallery-item\"><figure><img loading=\"lazy\" decoding=\"async\" width=\"800\" height=\"450\" src=\"https:\/\/www.gitesfinistere.fr\/wp-content\/uploads\/2020\/06\/P1200110.jpg\" alt=\"\" data-id=\"48\" data-full-url=\"https:\/\/www.gitesfinistere.fr\/wp-content\/uploads\/2020\/06\/P1200110.jpg\" data-link=\"https:\/\/www.gitesfinistere.fr\/index.php\/a-proximite\/p1200110\/\" class=\"wp-image-48\" srcset=\"https:\/\/www.gitesfinistere.fr\/wp-content\/uploads\/2020\/06\/P1200110.jpg 800w, https:\/\/www.gitesfinistere.fr\/wp-content\/uploads\/2020\/06\/P1200110-300x169.jpg 300w, https:\/\/www.gitesfinistere.fr\/wp-content\/uploads\/2020\/06\/P1200110-768x432.jpg 768w, https:\/\/www.gitesfinistere.fr\/wp-content\/uploads\/2020\/06\/P1200110-150x84.jpg 150w\" sizes=\"auto, (max-width: 800px) 100vw, 800px\" \/><\/figure><\/li><li class=\"blocks-gallery-item\"><figure><img loading=\"lazy\" decoding=\"async\" width=\"800\" height=\"450\" src=\"https:\/\/www.gitesfinistere.fr\/wp-content\/uploads\/2020\/06\/P1200173.jpg\" alt=\"\" data-id=\"50\" data-full-url=\"https:\/\/www.gitesfinistere.fr\/wp-content\/uploads\/2020\/06\/P1200173.jpg\" data-link=\"https:\/\/www.gitesfinistere.fr\/index.php\/a-proximite\/p1200173\/\" class=\"wp-image-50\" srcset=\"https:\/\/www.gitesfinistere.fr\/wp-content\/uploads\/2020\/06\/P1200173.jpg 800w, https:\/\/www.gitesfinistere.fr\/wp-content\/uploads\/2020\/06\/P1200173-300x169.jpg 300w, https:\/\/www.gitesfinistere.fr\/wp-content\/uploads\/2020\/06\/P1200173-768x432.jpg 768w, https:\/\/www.gitesfinistere.fr\/wp-content\/uploads\/2020\/06\/P1200173-150x84.jpg 150w\" sizes=\"auto, (max-width: 800px) 100vw, 800px\" \/><\/figure><\/li><li class=\"blocks-gallery-item\"><figure><img loading=\"lazy\" decoding=\"async\" width=\"800\" height=\"450\" src=\"https:\/\/www.gitesfinistere.fr\/wp-content\/uploads\/2020\/06\/P1200196.jpg\" alt=\"\" data-id=\"51\" data-full-url=\"https:\/\/www.gitesfinistere.fr\/wp-content\/uploads\/2020\/06\/P1200196.jpg\" data-link=\"https:\/\/www.gitesfinistere.fr\/index.php\/a-proximite\/p1200196\/\" class=\"wp-image-51\" srcset=\"https:\/\/www.gitesfinistere.fr\/wp-content\/uploads\/2020\/06\/P1200196.jpg 800w, https:\/\/www.gitesfinistere.fr\/wp-content\/uploads\/2020\/06\/P1200196-300x169.jpg 300w, https:\/\/www.gitesfinistere.fr\/wp-content\/uploads\/2020\/06\/P1200196-768x432.jpg 768w, https:\/\/www.gitesfinistere.fr\/wp-content\/uploads\/2020\/06\/P1200196-150x84.jpg 150w\" sizes=\"auto, (max-width: 800px) 100vw, 800px\" \/><\/figure><\/li><li class=\"blocks-gallery-item\"><figure><img loading=\"lazy\" decoding=\"async\" width=\"800\" height=\"450\" src=\"https:\/\/www.gitesfinistere.fr\/wp-content\/uploads\/2020\/06\/P1200208.jpg\" alt=\"\" data-id=\"52\" data-full-url=\"https:\/\/www.gitesfinistere.fr\/wp-content\/uploads\/2020\/06\/P1200208.jpg\" data-link=\"https:\/\/www.gitesfinistere.fr\/index.php\/a-proximite\/p1200208\/\" class=\"wp-image-52\" srcset=\"https:\/\/www.gitesfinistere.fr\/wp-content\/uploads\/2020\/06\/P1200208.jpg 800w, https:\/\/www.gitesfinistere.fr\/wp-content\/uploads\/2020\/06\/P1200208-300x169.jpg 300w, https:\/\/www.gitesfinistere.fr\/wp-content\/uploads\/2020\/06\/P1200208-768x432.jpg 768w, https:\/\/www.gitesfinistere.fr\/wp-content\/uploads\/2020\/06\/P1200208-150x84.jpg 150w\" sizes=\"auto, (max-width: 800px) 100vw, 800px\" \/><\/figure><\/li><li class=\"blocks-gallery-item\"><figure><img loading=\"lazy\" decoding=\"async\" width=\"1024\" height=\"768\" src=\"https:\/\/www.gitesfinistere.fr\/wp-content\/uploads\/2020\/07\/Locronan-place-\u00e9glise-_-OT-Quimper-Cornouaille-1024x768.jpg\" alt=\"\" data-id=\"147\" data-full-url=\"https:\/\/www.gitesfinistere.fr\/wp-content\/uploads\/2020\/07\/Locronan-place-\u00e9glise-_-OT-Quimper-Cornouaille.jpg\" data-link=\"https:\/\/www.gitesfinistere.fr\/locronan-place-eglise-_-ot-quimper-cornouaille\/\" class=\"wp-image-147\" srcset=\"https:\/\/www.gitesfinistere.fr\/wp-content\/uploads\/2020\/07\/Locronan-place-\u00e9glise-_-OT-Quimper-Cornouaille-1024x768.jpg 1024w, https:\/\/www.gitesfinistere.fr\/wp-content\/uploads\/2020\/07\/Locronan-place-\u00e9glise-_-OT-Quimper-Cornouaille-300x225.jpg 300w, https:\/\/www.gitesfinistere.fr\/wp-content\/uploads\/2020\/07\/Locronan-place-\u00e9glise-_-OT-Quimper-Cornouaille-768x576.jpg 768w, https:\/\/www.gitesfinistere.fr\/wp-content\/uploads\/2020\/07\/Locronan-place-\u00e9glise-_-OT-Quimper-Cornouaille-150x113.jpg 150w, https:\/\/www.gitesfinistere.fr\/wp-content\/uploads\/2020\/07\/Locronan-place-\u00e9glise-_-OT-Quimper-Cornouaille.jpg 1280w\" sizes=\"auto, (max-width: 1024px) 100vw, 1024px\" \/><\/figure><\/li><li class=\"blocks-gallery-item\"><figure><img loading=\"lazy\" decoding=\"async\" width=\"1024\" height=\"753\" src=\"https:\/\/www.gitesfinistere.fr\/wp-content\/uploads\/2020\/07\/quimper-brittany-old-town-1024x753.jpg\" alt=\"\" data-id=\"144\" data-full-url=\"https:\/\/www.gitesfinistere.fr\/wp-content\/uploads\/2020\/07\/quimper-brittany-old-town.jpg\" data-link=\"https:\/\/www.gitesfinistere.fr\/quimper-brittany-old-town\/\" class=\"wp-image-144\" srcset=\"https:\/\/www.gitesfinistere.fr\/wp-content\/uploads\/2020\/07\/quimper-brittany-old-town-1024x753.jpg 1024w, https:\/\/www.gitesfinistere.fr\/wp-content\/uploads\/2020\/07\/quimper-brittany-old-town-300x221.jpg 300w, https:\/\/www.gitesfinistere.fr\/wp-content\/uploads\/2020\/07\/quimper-brittany-old-town-768x565.jpg 768w, https:\/\/www.gitesfinistere.fr\/wp-content\/uploads\/2020\/07\/quimper-brittany-old-town-150x110.jpg 150w, https:\/\/www.gitesfinistere.fr\/wp-content\/uploads\/2020\/07\/quimper-brittany-old-town.jpg 1300w\" sizes=\"auto, (max-width: 1024px) 100vw, 1024px\" \/><\/figure><\/li><\/ul><\/figure>\n<\/div><\/div>\n\n\n\n<p>Nous avons plusieurs restaurants de qualit\u00e9 \u00e0 proximit\u00e9<\/p>\n\n\n\n<p>L Auberge de Quilinen<\/p>\n\n\n\n<p>Le Ti Coz<\/p>\n\n\n\n<p>La cr\u00eaperie du Stangala<\/p>\n\n\n\n<p><\/p>\n","protected":false},"excerpt":{"rendered":"<p>Nous avons plusieurs restaurants de qualit\u00e9 \u00e0 proximit\u00e9 L Auberge de Quilinen Le Ti Coz La cr\u00eaperie du Stangala<\/p>\n<p class=\"continue-reading-button\"> <a class=\"continue-reading-link\" href=\"https:\/\/www.gitesfinistere.fr\/index.php\/a-proximite\/\">Continue reading<i class=\"crycon-right-dir\"><\/i><\/a><\/p>\n","protected":false},"author":1,"featured_media":0,"parent":0,"menu_order":0,"comment_status":"closed","ping_status":"closed","template":"","meta":{"footnotes":""},"class_list":["post-23","page","type-page","status-publish","hentry"],"_links":{"self":[{"href":"https:\/\/www.gitesfinistere.fr\/index.php\/wp-json\/wp\/v2\/pages\/23","targetHints":{"allow":["GET"]}}],"collection":[{"href":"https:\/\/www.gitesfinistere.fr\/index.php\/wp-json\/wp\/v2\/pages"}],"about":[{"href":"https:\/\/www.gitesfinistere.fr\/index.php\/wp-json\/wp\/v2\/types\/page"}],"author":[{"embeddable":true,"href":"https:\/\/www.gitesfinistere.fr\/index.php\/wp-json\/wp\/v2\/users\/1"}],"replies":[{"embeddable":true,"href":"https:\/\/www.gitesfinistere.fr\/index.php\/wp-json\/wp\/v2\/comments?post=23"}],"version-history":[{"count":7,"href":"https:\/\/www.gitesfinistere.fr\/index.php\/wp-json\/wp\/v2\/pages\/23\/revisions"}],"predecessor-version":[{"id":151,"href":"https:\/\/www.gitesfinistere.fr\/index.php\/wp-json\/wp\/v2\/pages\/23\/revisions\/151"}],"wp:attachment":[{"href":"https:\/\/www.gitesfinistere.fr\/index.php\/wp-json\/wp\/v2\/media?parent=23"}],"curies":[{"name":"wp","href":"https:\/\/api.w.org\/{rel}","templated":true}]}}